{"id":2864,"date":"2023-10-18T21:46:38","date_gmt":"2023-10-18T21:46:38","guid":{"rendered":"https:\/\/pia-pflege.de\/latest-news"},"modified":"2024-01-26T08:11:02","modified_gmt":"2024-01-26T08:11:02","slug":"latest-news","status":"publish","type":"page","link":"https:\/\/pia-pflege.de\/en\/latest-news","title":{"rendered":"Latest news"},"content":{"rendered":"<h2>Latest news<\/h2>\n<ul>\n<li>\n\t\t\t\t\t\t\t\t\t\t\t<a href=\"https:\/\/pia-pflege.de\/en\"><br \/>\n\t\t\t\t\t\t\t\t\t\t\tHome<br \/>\n\t\t\t\t\t\t\t\t\t\t\t<\/a>\n\t\t\t\t\t\t\t\t\t<\/li>\n<li>\n\t\t\t\t\t\t\t\t\t\tLatest news\n\t\t\t\t\t\t\t\t\t<\/li>\n<\/ul>\n<article>\n                    <a href=\"https:\/\/pia-pflege.de\/wp-admin\/post.php?post=2579&amp;action=edit&amp;lang=de\" target=\"_blank\" rel=\"noopener\"><br \/>\n\t\t\t\tedit post<br \/>\n\t\t\t<\/a><a href=\"https:\/\/pia-pflege.de\/en\/pia-care-is-everything-a-new-name-proven-expertise\"><br \/>\n            <img loading=\"lazy\" width=\"2560\" height=\"1523\" src=\"https:\/\/pia-pflege.de\/wp-content\/uploads\/2023\/10\/Karte-gross-scaled.jpg\" alt=\"\" decoding=\"async\" loading=\"lazy\" srcset=\"https:\/\/pia-pflege.de\/wp-content\/uploads\/2023\/10\/Karte-gross-scaled.jpg 2560w, https:\/\/pia-pflege.de\/wp-content\/uploads\/2023\/10\/Karte-gross-300x179.jpg 300w, https:\/\/pia-pflege.de\/wp-content\/uploads\/2023\/10\/Karte-gross-1024x609.jpg 1024w, https:\/\/pia-pflege.de\/wp-content\/uploads\/2023\/10\/Karte-gross-768x457.jpg 768w, https:\/\/pia-pflege.de\/wp-content\/uploads\/2023\/10\/Karte-gross-1536x914.jpg 1536w, https:\/\/pia-pflege.de\/wp-content\/uploads\/2023\/10\/Karte-gross-2048x1219.jpg 2048w\" sizes=\"auto, (max-width: 2560px) 100vw, 2560px\" \/><br \/>\n        <\/a><\/p>\n<h4>\n\t\t\t\t\t\t\t<a href=\"https:\/\/pia-pflege.de\/en\/pia-care-is-everything-a-new-name-proven-expertise\">Die PIA Pflege ist Alles: Ein neuer Name, bew\u00e4hrte Fachkenntnisse<\/a><br \/>\n\t\t\t\t\t\t<\/h4>\n<p>November 8, 2023<\/p>\n<p>Die PIA Pflege ist Alles: Ein neuer Name, bew\u00e4hrte Fachkenntnisse Ein neuer Abschnitt in unserer langen Firmengeschichte startete im Juli 2023. Das Haus Louise und die HKP Andrea Schulz vereinen sich namentlich zu \u201ePIA Pflege&#8230;<\/p>\n<p>                <a href=\"https:\/\/pia-pflege.de\/en\/pia-care-is-everything-a-new-name-proven-expertise\">Mehr Erfahren<\/a><br \/>\n                <\/article>\n<article>\n                    <a href=\"https:\/\/pia-pflege.de\/wp-admin\/post.php?post=2579&amp;action=edit&amp;lang=de\" target=\"_blank\" rel=\"noopener\"><br \/>\n\t\t\t\tedit post<br \/>\n\t\t\t<\/a><a href=\"https:\/\/pia-pflege.de\/en\/pia-care-is-everything-a-new-name-proven-expertise\"><br \/>\n            <img loading=\"lazy\" width=\"2560\" height=\"1523\" src=\"https:\/\/pia-pflege.de\/wp-content\/uploads\/2023\/10\/Karte-gross-scaled.jpg\" alt=\"\" decoding=\"async\" loading=\"lazy\" srcset=\"https:\/\/pia-pflege.de\/wp-content\/uploads\/2023\/10\/Karte-gross-scaled.jpg 2560w, https:\/\/pia-pflege.de\/wp-content\/uploads\/2023\/10\/Karte-gross-300x179.jpg 300w, https:\/\/pia-pflege.de\/wp-content\/uploads\/2023\/10\/Karte-gross-1024x609.jpg 1024w, https:\/\/pia-pflege.de\/wp-content\/uploads\/2023\/10\/Karte-gross-768x457.jpg 768w, https:\/\/pia-pflege.de\/wp-content\/uploads\/2023\/10\/Karte-gross-1536x914.jpg 1536w, https:\/\/pia-pflege.de\/wp-content\/uploads\/2023\/10\/Karte-gross-2048x1219.jpg 2048w\" sizes=\"auto, (max-width: 2560px) 100vw, 2560px\" \/><br \/>\n        <\/a><\/p>\n<h4>\n\t\t\t\t\t\t\t<a href=\"https:\/\/pia-pflege.de\/en\/pia-care-is-everything-a-new-name-proven-expertise\">Die PIA Pflege ist Alles: Ein neuer Name, bew\u00e4hrte Fachkenntnisse<\/a><br \/>\n\t\t\t\t\t\t<\/h4>\n<p>November 8, 2023<\/p>\n<p>Die PIA Pflege ist Alles: Ein neuer Name, bew\u00e4hrte Fachkenntnisse Ein neuer Abschnitt in unserer langen Firmengeschichte startete&#8230;<\/p>\n<p>                <a href=\"https:\/\/pia-pflege.de\/en\/pia-care-is-everything-a-new-name-proven-expertise\">Mehr Erfahren<\/a><br \/>\n                <\/article>\n<article>\n                    <a href=\"https:\/\/pia-pflege.de\/wp-admin\/post.php?post=1945&amp;action=edit&amp;lang=de\" target=\"_blank\" rel=\"noopener\"><br \/>\n\t\t\t\tedit post<br \/>\n\t\t\t<\/a><a href=\"https:\/\/pia-pflege.de\/en\/a-look-at-our-new-schaeferstege-building-in-berlin-pankow\"><br \/>\n            <img loading=\"lazy\" width=\"1491\" height=\"1118\" src=\"https:\/\/pia-pflege.de\/wp-content\/uploads\/2023\/10\/Schaeferstege-1.jpg\" alt=\"\" decoding=\"async\" loading=\"lazy\" srcset=\"https:\/\/pia-pflege.de\/wp-content\/uploads\/2023\/10\/Schaeferstege-1.jpg 1491w, https:\/\/pia-pflege.de\/wp-content\/uploads\/2023\/10\/Schaeferstege-1-300x225.jpg 300w, https:\/\/pia-pflege.de\/wp-content\/uploads\/2023\/10\/Schaeferstege-1-1024x768.jpg 1024w, https:\/\/pia-pflege.de\/wp-content\/uploads\/2023\/10\/Schaeferstege-1-768x576.jpg 768w\" sizes=\"auto, (max-width: 1491px) 100vw, 1491px\" \/><br \/>\n        <\/a><\/p>\n<h4>\n\t\t\t\t\t\t\t<a href=\"https:\/\/pia-pflege.de\/en\/a-look-at-our-new-schaeferstege-building-in-berlin-pankow\">Ein Blick nach Berlin Pankow zu unserem Neubau Sch\u00e4ferstege<\/a><br \/>\n\t\t\t\t\t\t<\/h4>\n<p>Oktober 18, 2023<\/p>\n<p>Ein Blick nach Berlin Pankow zu unserem Neubau Sch\u00e4ferstege Innovationen und neue Wege &#8211;\u00a0Heute m\u00f6chten wir unser aktuelles&#8230;<\/p>\n<p>                <a href=\"https:\/\/pia-pflege.de\/en\/a-look-at-our-new-schaeferstege-building-in-berlin-pankow\">Mehr Erfahren<\/a><br \/>\n                <\/article>\n<article>\n                    <a href=\"https:\/\/pia-pflege.de\/wp-admin\/post.php?post=1929&amp;action=edit&amp;lang=de\" target=\"_blank\" rel=\"noopener\"><br \/>\n\t\t\t\tedit post<br \/>\n\t\t\t<\/a><a href=\"https:\/\/pia-pflege.de\/en\/the-opening-of-the-new-pia-premises-in-zeuthen\"><br \/>\n            <img loading=\"lazy\" width=\"540\" height=\"720\" src=\"https:\/\/pia-pflege.de\/wp-content\/uploads\/2023\/10\/4f6b6f69-42d3-49e6-9cd3-fc5a10b1a7d7_720.jpg\" alt=\"\" decoding=\"async\" loading=\"lazy\" srcset=\"https:\/\/pia-pflege.de\/wp-content\/uploads\/2023\/10\/4f6b6f69-42d3-49e6-9cd3-fc5a10b1a7d7_720.jpg 540w, https:\/\/pia-pflege.de\/wp-content\/uploads\/2023\/10\/4f6b6f69-42d3-49e6-9cd3-fc5a10b1a7d7_720-225x300.jpg 225w\" sizes=\"auto, (max-width: 540px) 100vw, 540px\" \/><br \/>\n        <\/a><\/p>\n<h4>\n\t\t\t\t\t\t\t<a href=\"https:\/\/pia-pflege.de\/en\/the-opening-of-the-new-pia-premises-in-zeuthen\">Die Er\u00f6ffnung der neuen Pia-R\u00e4umlichkeiten in Zeuthen<\/a><br \/>\n\t\t\t\t\t\t<\/h4>\n<p>Oktober 18, 2023<\/p>\n<p>Die Er\u00f6ffnung der neuen Pia-R\u00e4umlichkeiten in Zeuthen Ein Neustart f\u00fcr unser hochmotiviertes Team &#8211;\u00a0Vor Kurzem feierten wir die&#8230;<\/p>\n<p>                <a href=\"https:\/\/pia-pflege.de\/en\/the-opening-of-the-new-pia-premises-in-zeuthen\">Mehr Erfahren<\/a><br \/>\n                <\/article>\n<h3>Last post  <\/h3>\n<article>\n                <a href=\"https:\/\/pia-pflege.de\/en\/pia-care-is-everything-a-new-name-proven-expertise\" ><br \/>\n                    Die PIA Pflege ist Alles: Ein neuer Name, bew\u00e4hrte FachkenntnisseNovember 8, 2023<br \/>\n                <\/a><br \/>\n            <\/article>\n<article>\n                <a href=\"https:\/\/pia-pflege.de\/en\/a-look-at-our-new-schaeferstege-building-in-berlin-pankow\" ><br \/>\n                    Ein Blick nach Berlin Pankow zu unserem Neubau Sch\u00e4ferstegeOktober 18, 2023<br \/>\n                <\/a><br \/>\n            <\/article>\n<article>\n                <a href=\"https:\/\/pia-pflege.de\/en\/the-opening-of-the-new-pia-premises-in-zeuthen\" ><br \/>\n                    Die Er\u00f6ffnung der neuen Pia-R\u00e4umlichkeiten in ZeuthenOktober 18, 2023<br \/>\n                <\/a><br \/>\n            <\/article>\n<p>\t\t\t\t<a href=\"tel:%20+49%2033762-207007\"><br \/>\n\t\t\t\t\t\t\t\t<\/a><\/p>\n<h4>\n\t\t\t\t\t<a href=\"tel:%20+49%2033762-207007\" ><br \/>\n\t\t\t\t\t\tPia- Brandenburg\t\t\t\t\t<\/a><br \/>\n\t\t\t\t<\/h4>\n<p>\n\t\t\t\t\t\t033762 &#8211; 207007\t\t\t\t\t<\/p>\n<p>\t\t\t\t<a href=\"tel:%20+4930%20-%20485200-0\"><br \/>\n\t\t\t\t\t\t\t\t<\/a><\/p>\n<h4>\n\t\t\t\t\t<a href=\"tel:%20+4930%20-%20485200-0\" ><br \/>\n\t\t\t\t\t\tPia- Berlin  \t\t\t\t\t<\/a><br \/>\n\t\t\t\t<\/h4>\n<p>\n\t\t\t\t\t\t030 &#8211; 485200-0\t\t\t\t\t<\/p>\n","protected":false},"excerpt":{"rendered":"<p>Latest news Home Latest news edit post Die PIA Pflege ist Alles: Ein neuer Name, bew\u00e4hrte Fachkenntnisse November 8, 2023 Die PIA Pflege ist Alles: Ein neuer Name, bew\u00e4hrte Fachkenntnisse Ein neuer Abschnitt in unserer langen Firmengeschichte startete im Juli 2023. Das Haus Louise und die HKP Andrea Schulz vereinen sich namentlich zu \u201ePIA Pflege&#8230; [&hellip;]<\/p>\n","protected":false},"author":1,"featured_media":0,"parent":0,"menu_order":0,"comment_status":"closed","ping_status":"closed","template":"","meta":{"footnotes":""},"class_list":["post-2864","page","type-page","status-publish","hentry"],"yoast_head":"<!-- This site is optimized with the Yoast SEO plugin v27.3 - https:\/\/yoast.com\/product\/yoast-seo-wordpress\/ -->\n<title>News | PIA Care<\/title>\n<meta name=\"description\" content=\"Discover the latest news, trends and developments on our blog page. Stay up to date with the latest information and updates.\" \/>\n<meta name=\"robots\" content=\"index, follow, max-snippet:-1, max-image-preview:large, max-video-preview:-1\" \/>\n<link rel=\"canonical\" href=\"https:\/\/pia-pflege.de\/en\/latest-news\" \/>\n<meta property=\"og:locale\" content=\"en_US\" \/>\n<meta property=\"og:type\" content=\"article\" \/>\n<meta property=\"og:title\" content=\"News | PIA Care\" \/>\n<meta property=\"og:description\" content=\"Discover the latest news, trends and developments on our blog page. Stay up to date with the latest information and updates.\" \/>\n<meta property=\"og:url\" content=\"https:\/\/pia-pflege.de\/en\/latest-news\" \/>\n<meta property=\"og:site_name\" content=\"PIA-Pflege\" \/>\n<meta property=\"article:modified_time\" content=\"2024-01-26T08:11:02+00:00\" \/>\n<meta property=\"og:image\" content=\"https:\/\/pia-pflege.de\/wp-content\/uploads\/2023\/10\/Karte-gross-scaled.jpg\" \/>\n<meta name=\"twitter:card\" content=\"summary_large_image\" \/>\n<meta name=\"twitter:label1\" content=\"Est. reading time\" \/>\n\t<meta name=\"twitter:data1\" content=\"1 minute\" \/>\n<script type=\"application\/ld+json\" class=\"yoast-schema-graph\">{\"@context\":\"https:\\\/\\\/schema.org\",\"@graph\":[{\"@type\":\"WebPage\",\"@id\":\"https:\\\/\\\/pia-pflege.de\\\/en\\\/latest-news\",\"url\":\"https:\\\/\\\/pia-pflege.de\\\/en\\\/latest-news\",\"name\":\"News | PIA Care\",\"isPartOf\":{\"@id\":\"https:\\\/\\\/pia-pflege.de\\\/en#website\"},\"primaryImageOfPage\":{\"@id\":\"https:\\\/\\\/pia-pflege.de\\\/en\\\/latest-news#primaryimage\"},\"image\":{\"@id\":\"https:\\\/\\\/pia-pflege.de\\\/en\\\/latest-news#primaryimage\"},\"thumbnailUrl\":\"https:\\\/\\\/pia-pflege.de\\\/wp-content\\\/uploads\\\/2023\\\/10\\\/Karte-gross-scaled.jpg\",\"datePublished\":\"2023-10-18T21:46:38+00:00\",\"dateModified\":\"2024-01-26T08:11:02+00:00\",\"description\":\"Discover the latest news, trends and developments on our blog page. Stay up to date with the latest information and updates.\",\"breadcrumb\":{\"@id\":\"https:\\\/\\\/pia-pflege.de\\\/en\\\/latest-news#breadcrumb\"},\"inLanguage\":\"en-US\",\"potentialAction\":[{\"@type\":\"ReadAction\",\"target\":[\"https:\\\/\\\/pia-pflege.de\\\/en\\\/latest-news\"]}]},{\"@type\":\"ImageObject\",\"inLanguage\":\"en-US\",\"@id\":\"https:\\\/\\\/pia-pflege.de\\\/en\\\/latest-news#primaryimage\",\"url\":\"https:\\\/\\\/pia-pflege.de\\\/wp-content\\\/uploads\\\/2023\\\/10\\\/Karte-gross-scaled.jpg\",\"contentUrl\":\"https:\\\/\\\/pia-pflege.de\\\/wp-content\\\/uploads\\\/2023\\\/10\\\/Karte-gross-scaled.jpg\"},{\"@type\":\"BreadcrumbList\",\"@id\":\"https:\\\/\\\/pia-pflege.de\\\/en\\\/latest-news#breadcrumb\",\"itemListElement\":[{\"@type\":\"ListItem\",\"position\":1,\"name\":\"Startseite\",\"item\":\"https:\\\/\\\/pia-pflege.de\\\/en\\\/home\"},{\"@type\":\"ListItem\",\"position\":2,\"name\":\"Latest news\"}]},{\"@type\":\"WebSite\",\"@id\":\"https:\\\/\\\/pia-pflege.de\\\/en#website\",\"url\":\"https:\\\/\\\/pia-pflege.de\\\/en\",\"name\":\"PIA-Pflege\",\"description\":\"\",\"publisher\":{\"@id\":\"https:\\\/\\\/pia-pflege.de\\\/en#organization\"},\"potentialAction\":[{\"@type\":\"SearchAction\",\"target\":{\"@type\":\"EntryPoint\",\"urlTemplate\":\"https:\\\/\\\/pia-pflege.de\\\/en?s={search_term_string}\"},\"query-input\":{\"@type\":\"PropertyValueSpecification\",\"valueRequired\":true,\"valueName\":\"search_term_string\"}}],\"inLanguage\":\"en-US\"},{\"@type\":\"Organization\",\"@id\":\"https:\\\/\\\/pia-pflege.de\\\/en#organization\",\"name\":\"PIA-Pflege\",\"url\":\"https:\\\/\\\/pia-pflege.de\\\/en\",\"logo\":{\"@type\":\"ImageObject\",\"inLanguage\":\"en-US\",\"@id\":\"https:\\\/\\\/pia-pflege.de\\\/en#\\\/schema\\\/logo\\\/image\\\/\",\"url\":\"https:\\\/\\\/pia-pflege.de\\\/wp-content\\\/uploads\\\/2023\\\/07\\\/PIA-Logo.png\",\"contentUrl\":\"https:\\\/\\\/pia-pflege.de\\\/wp-content\\\/uploads\\\/2023\\\/07\\\/PIA-Logo.png\",\"width\":2941,\"height\":1743,\"caption\":\"PIA-Pflege\"},\"image\":{\"@id\":\"https:\\\/\\\/pia-pflege.de\\\/en#\\\/schema\\\/logo\\\/image\\\/\"}}]}<\/script>\n<!-- \/ Yoast SEO plugin. -->","yoast_head_json":{"title":"News | PIA Care","description":"Discover the latest news, trends and developments on our blog page. Stay up to date with the latest information and updates.","robots":{"index":"index","follow":"follow","max-snippet":"max-snippet:-1","max-image-preview":"max-image-preview:large","max-video-preview":"max-video-preview:-1"},"canonical":"https:\/\/pia-pflege.de\/en\/latest-news","og_locale":"en_US","og_type":"article","og_title":"News | PIA Care","og_description":"Discover the latest news, trends and developments on our blog page. Stay up to date with the latest information and updates.","og_url":"https:\/\/pia-pflege.de\/en\/latest-news","og_site_name":"PIA-Pflege","article_modified_time":"2024-01-26T08:11:02+00:00","og_image":[{"url":"https:\/\/pia-pflege.de\/wp-content\/uploads\/2023\/10\/Karte-gross-scaled.jpg","type":"","width":"","height":""}],"twitter_card":"summary_large_image","twitter_misc":{"Est. reading time":"1 minute"},"schema":{"@context":"https:\/\/schema.org","@graph":[{"@type":"WebPage","@id":"https:\/\/pia-pflege.de\/en\/latest-news","url":"https:\/\/pia-pflege.de\/en\/latest-news","name":"News | PIA Care","isPartOf":{"@id":"https:\/\/pia-pflege.de\/en#website"},"primaryImageOfPage":{"@id":"https:\/\/pia-pflege.de\/en\/latest-news#primaryimage"},"image":{"@id":"https:\/\/pia-pflege.de\/en\/latest-news#primaryimage"},"thumbnailUrl":"https:\/\/pia-pflege.de\/wp-content\/uploads\/2023\/10\/Karte-gross-scaled.jpg","datePublished":"2023-10-18T21:46:38+00:00","dateModified":"2024-01-26T08:11:02+00:00","description":"Discover the latest news, trends and developments on our blog page. Stay up to date with the latest information and updates.","breadcrumb":{"@id":"https:\/\/pia-pflege.de\/en\/latest-news#breadcrumb"},"inLanguage":"en-US","potentialAction":[{"@type":"ReadAction","target":["https:\/\/pia-pflege.de\/en\/latest-news"]}]},{"@type":"ImageObject","inLanguage":"en-US","@id":"https:\/\/pia-pflege.de\/en\/latest-news#primaryimage","url":"https:\/\/pia-pflege.de\/wp-content\/uploads\/2023\/10\/Karte-gross-scaled.jpg","contentUrl":"https:\/\/pia-pflege.de\/wp-content\/uploads\/2023\/10\/Karte-gross-scaled.jpg"},{"@type":"BreadcrumbList","@id":"https:\/\/pia-pflege.de\/en\/latest-news#breadcrumb","itemListElement":[{"@type":"ListItem","position":1,"name":"Startseite","item":"https:\/\/pia-pflege.de\/en\/home"},{"@type":"ListItem","position":2,"name":"Latest news"}]},{"@type":"WebSite","@id":"https:\/\/pia-pflege.de\/en#website","url":"https:\/\/pia-pflege.de\/en","name":"PIA-Pflege","description":"","publisher":{"@id":"https:\/\/pia-pflege.de\/en#organization"},"potentialAction":[{"@type":"SearchAction","target":{"@type":"EntryPoint","urlTemplate":"https:\/\/pia-pflege.de\/en?s={search_term_string}"},"query-input":{"@type":"PropertyValueSpecification","valueRequired":true,"valueName":"search_term_string"}}],"inLanguage":"en-US"},{"@type":"Organization","@id":"https:\/\/pia-pflege.de\/en#organization","name":"PIA-Pflege","url":"https:\/\/pia-pflege.de\/en","logo":{"@type":"ImageObject","inLanguage":"en-US","@id":"https:\/\/pia-pflege.de\/en#\/schema\/logo\/image\/","url":"https:\/\/pia-pflege.de\/wp-content\/uploads\/2023\/07\/PIA-Logo.png","contentUrl":"https:\/\/pia-pflege.de\/wp-content\/uploads\/2023\/07\/PIA-Logo.png","width":2941,"height":1743,"caption":"PIA-Pflege"},"image":{"@id":"https:\/\/pia-pflege.de\/en#\/schema\/logo\/image\/"}}]}},"_links":{"self":[{"href":"https:\/\/pia-pflege.de\/en\/wp-json\/wp\/v2\/pages\/2864","targetHints":{"allow":["GET"]}}],"collection":[{"href":"https:\/\/pia-pflege.de\/en\/wp-json\/wp\/v2\/pages"}],"about":[{"href":"https:\/\/pia-pflege.de\/en\/wp-json\/wp\/v2\/types\/page"}],"author":[{"embeddable":true,"href":"https:\/\/pia-pflege.de\/en\/wp-json\/wp\/v2\/users\/1"}],"replies":[{"embeddable":true,"href":"https:\/\/pia-pflege.de\/en\/wp-json\/wp\/v2\/comments?post=2864"}],"version-history":[{"count":3,"href":"https:\/\/pia-pflege.de\/en\/wp-json\/wp\/v2\/pages\/2864\/revisions"}],"predecessor-version":[{"id":2867,"href":"https:\/\/pia-pflege.de\/en\/wp-json\/wp\/v2\/pages\/2864\/revisions\/2867"}],"wp:attachment":[{"href":"https:\/\/pia-pflege.de\/en\/wp-json\/wp\/v2\/media?parent=2864"}],"curies":[{"name":"wp","href":"https:\/\/api.w.org\/{rel}","templated":true}]}}